{"id":664,"date":"2025-05-22T10:13:22","date_gmt":"2025-05-22T10:13:22","guid":{"rendered":"https:\/\/villapernisvacca.it\/visiter\/"},"modified":"2025-05-23T12:36:07","modified_gmt":"2025-05-23T12:36:07","slug":"visiter","status":"publish","type":"page","link":"https:\/\/villapernisvacca.it\/fr\/visiter\/","title":{"rendered":"Visiter"},"content":{"rendered":"\t\t<div data-elementor-type=\"wp-page\" data-elementor-id=\"664\" class=\"elementor elementor-664 elementor-460\" data-elementor-post-type=\"page\">\n\t\t\t\t<div class=\"elementor-element elementor-element-bc74aa1 e-flex e-con-boxed e-con e-parent\" data-id=\"bc74aa1\" data-element_type=\"container\" data-settings=\"{&quot;background_background&quot;:&quot;classic&quot;}\">\n\t\t\t\t\t<div class=\"e-con-inner\">\n\t\t\t\t<div class=\"elementor-element elementor-element-818771a elementor-invisible elementor-widget elementor-widget-heading\" data-id=\"818771a\" data-element_type=\"widget\" data-settings=\"{&quot;_animation&quot;:&quot;fadeInDown&quot;}\" data-widget_type=\"heading.default\">\n\t\t\t\t<div class=\"elementor-widget-container\">\n\t\t\t\t\t<h2 class=\"elementor-heading-title elementor-size-default\">Visiter<\/h2>\t\t\t\t<\/div>\n\t\t\t\t<\/div>\n\t\t\t\t<div class=\"elementor-element elementor-element-2a2c101 elementor-align-center elementor-invisible elementor-widget elementor-widget-button\" data-id=\"2a2c101\" data-element_type=\"widget\" data-settings=\"{&quot;_animation&quot;:&quot;fadeInUp&quot;,&quot;_animation_delay&quot;:1000}\" data-widget_type=\"button.default\">\n\t\t\t\t<div class=\"elementor-widget-container\">\n\t\t\t\t\t\t\t\t\t<div class=\"elementor-button-wrapper\">\n\t\t\t\t\t<a class=\"elementor-button elementor-button-link elementor-size-sm\" href=\"#visita\">\n\t\t\t\t\t\t<span class=\"elementor-button-content-wrapper\">\n\t\t\t\t\t\t\t\t\t<span class=\"elementor-button-text\">d\u00e9couvrir<\/span>\n\t\t\t\t\t<\/span>\n\t\t\t\t\t<\/a>\n\t\t\t\t<\/div>\n\t\t\t\t\t\t\t\t<\/div>\n\t\t\t\t<\/div>\n\t\t\t\t<div class=\"elementor-element elementor-element-8cd78d9 elementor-widget elementor-widget-menu-anchor\" data-id=\"8cd78d9\" data-element_type=\"widget\" data-widget_type=\"menu-anchor.default\">\n\t\t\t\t<div class=\"elementor-widget-container\">\n\t\t\t\t\t\t\t<div class=\"elementor-menu-anchor\" id=\"visiter\"><\/div>\n\t\t\t\t\t\t<\/div>\n\t\t\t\t<\/div>\n\t\t\t\t\t<\/div>\n\t\t\t\t<\/div>\n\t\t<div class=\"elementor-element elementor-element-425f817 e-con-full e-flex e-con e-parent\" data-id=\"425f817\" data-element_type=\"container\">\n\t\t<div class=\"elementor-element elementor-element-330c7b1 e-con-full e-flex e-con e-child\" data-id=\"330c7b1\" data-element_type=\"container\">\n\t\t<div class=\"elementor-element elementor-element-5ca1124 e-con-full link-interni elementor-hidden-desktop elementor-hidden-tablet elementor-hidden-mobile e-flex e-con e-child\" data-id=\"5ca1124\" data-element_type=\"container\" data-settings=\"{&quot;background_background&quot;:&quot;classic&quot;}\">\n\t\t<div class=\"elementor-element elementor-element-26d1b01 e-grid e-con-full e-con e-child\" data-id=\"26d1b01\" data-element_type=\"container\">\n\t\t\t\t<div class=\"elementor-element elementor-element-0b56cd1 elementor-widget elementor-widget-text-editor\" data-id=\"0b56cd1\" data-element_type=\"widget\" data-widget_type=\"text-editor.default\">\n\t\t\t\t<div class=\"elementor-widget-container\">\n\t\t\t\t\t\t\t\t\t<p>dans cette section<\/p>\t\t\t\t\t\t\t\t<\/div>\n\t\t\t\t<\/div>\n\t\t\t\t<div class=\"elementor-element elementor-element-00e6fcb elementor-widget__width-inherit elementor-widget elementor-widget-text-editor\" data-id=\"00e6fcb\" data-element_type=\"widget\" data-widget_type=\"text-editor.default\">\n\t\t\t\t<div class=\"elementor-widget-container\">\n\t\t\t\t\t\t\t\t\t<p><a href=\"#agrumeto\">Agrumeraie<\/a><\/p>\t\t\t\t\t\t\t\t<\/div>\n\t\t\t\t<\/div>\n\t\t\t\t<div class=\"elementor-element elementor-element-b8eda55 elementor-widget__width-inherit elementor-widget elementor-widget-text-editor\" data-id=\"b8eda55\" data-element_type=\"widget\" data-widget_type=\"text-editor.default\">\n\t\t\t\t<div class=\"elementor-widget-container\">\n\t\t\t\t\t\t\t\t\t<p><a href=\"#agrumi\">Les agrumes de Milis<\/a><\/p>\t\t\t\t\t\t\t\t<\/div>\n\t\t\t\t<\/div>\n\t\t\t\t<div class=\"elementor-element elementor-element-becbc72 elementor-widget__width-inherit elementor-widget elementor-widget-text-editor\" data-id=\"becbc72\" data-element_type=\"widget\" data-widget_type=\"text-editor.default\">\n\t\t\t\t<div class=\"elementor-widget-container\">\n\t\t\t\t\t\t\t\t\t<p><a href=\"#angloarabo\">Anglo-arabe<\/a><\/p>\t\t\t\t\t\t\t\t<\/div>\n\t\t\t\t<\/div>\n\t\t\t\t<\/div>\n\t\t\t\t<\/div>\n\t\t\t\t<div class=\"elementor-element elementor-element-6faa993 elementor-widget elementor-widget-heading\" data-id=\"6faa993\" data-element_type=\"widget\" data-widget_type=\"heading.default\">\n\t\t\t\t<div class=\"elementor-widget-container\">\n\t\t\t\t\t<h2 class=\"elementor-heading-title elementor-size-default\">Visiter<\/h2>\t\t\t\t<\/div>\n\t\t\t\t<\/div>\n\t\t\t\t<div class=\"elementor-element elementor-element-24dd7ec elementor-widget elementor-widget-text-editor\" data-id=\"24dd7ec\" data-element_type=\"widget\" data-widget_type=\"text-editor.default\">\n\t\t\t\t<div class=\"elementor-widget-container\">\n\t\t\t\t\t\t\t\t\t<p>Entrer dans la <span class=\"il\">Villa<\/span> <span class=\"il\">Pernis<\/span> Vacca, c&rsquo;est se laisser guider dans un voyage \u00e0 travers la nature et la m\u00e9moire.  <\/p><p>L&rsquo;itin\u00e9raire, adapt\u00e9 \u00e0 ceux qui visitent le complexe pour la premi\u00e8re fois, passe par des plantations d&rsquo;agrumes odorantes, une architecture Art nouveau et des t\u00e9moignages d&rsquo;un pass\u00e9 noble et agricole.<\/p><p>  Accompagn\u00e9 par notre personnel, vous vivrez l&rsquo;\u00e9motion d&rsquo;une histoire qui se d\u00e9roule pas \u00e0 pas, entre \u00e9l\u00e9gance, histoire et paysage.<\/p>\t\t\t\t\t\t\t\t<\/div>\n\t\t\t\t<\/div>\n\t\t\t\t<\/div>\n\t\t<div class=\"elementor-element elementor-element-fd0441b e-con-full e-flex e-con e-child\" data-id=\"fd0441b\" data-element_type=\"container\" data-settings=\"{&quot;background_background&quot;:&quot;classic&quot;}\">\n\t\t\t\t<div class=\"elementor-element elementor-element-8b7fa83 elementor-widget elementor-widget-image\" data-id=\"8b7fa83\" data-element_type=\"widget\" data-widget_type=\"image.default\">\n\t\t\t\t<div class=\"elementor-widget-container\">\n\t\t\t\t\t\t\t\t\t\t\t\t\t\t\t<img fetchpriority=\"high\" decoding=\"async\" width=\"422\" height=\"419\" src=\"https:\/\/villapernisvacca.it\/wp-content\/uploads\/2025\/05\/Finestroni-scala-lato-cortile-foto-Meridda-Stabilimento-Pernis-19840011-e1747996487966.jpg\" class=\"attachment-full size-full wp-image-649\" alt=\"\" srcset=\"https:\/\/villapernisvacca.it\/wp-content\/uploads\/2025\/05\/Finestroni-scala-lato-cortile-foto-Meridda-Stabilimento-Pernis-19840011-e1747996487966.jpg 422w, https:\/\/villapernisvacca.it\/wp-content\/uploads\/2025\/05\/Finestroni-scala-lato-cortile-foto-Meridda-Stabilimento-Pernis-19840011-e1747996487966-300x298.jpg 300w, https:\/\/villapernisvacca.it\/wp-content\/uploads\/2025\/05\/Finestroni-scala-lato-cortile-foto-Meridda-Stabilimento-Pernis-19840011-e1747996487966-150x150.jpg 150w\" sizes=\"(max-width: 422px) 100vw, 422px\" \/>\t\t\t\t\t\t\t\t\t\t\t\t\t\t\t<\/div>\n\t\t\t\t<\/div>\n\t\t\t\t<\/div>\n\t\t\t\t<\/div>\n\t\t\t\t<\/div>\n\t\t","protected":false},"excerpt":{"rendered":"<p>Entrer dans la Villa Pernis Vacca, c&rsquo;est se laisser guider dans un voyage \u00e0 travers la nature et la m\u00e9moire. <\/p>\n<p>L&rsquo;itin\u00e9raire, adapt\u00e9 \u00e0 ceux qui visitent le complexe pour la premi\u00e8re fois, vous conduira entre les agrumes parfum\u00e9s, l&rsquo;architecture Art nouveau et les t\u00e9moignages d&rsquo;un pass\u00e9 noble et agricole<\/p>\n<p>. Accompagn\u00e9 par notre personnel, vous ressentirez l&rsquo;\u00e9motion d&rsquo;une histoire qui se d\u00e9voile pas \u00e0 pas, entre \u00e9l\u00e9gance, histoire et paysage.<\/p>\n","protected":false},"author":1,"featured_media":643,"parent":0,"menu_order":0,"comment_status":"closed","ping_status":"closed","template":"","meta":{"footnotes":""},"class_list":["post-664","page","type-page","status-publish","has-post-thumbnail","hentry"],"yoast_head":"<!-- This site is optimized with the Yoast SEO plugin v25.2 - https:\/\/yoast.com\/wordpress\/plugins\/seo\/ -->\n<title>Visiter - Villa Pernis Vacca<\/title>\n<meta name=\"robots\" content=\"noindex, follow, max-snippet:-1, max-image-preview:large, max-video-preview:-1\" \/>\n<meta property=\"og:locale\" content=\"fr_FR\" \/>\n<meta property=\"og:type\" content=\"article\" \/>\n<meta property=\"og:title\" content=\"Visiter - Villa Pernis Vacca\" \/>\n<meta property=\"og:description\" content=\"Entrer dans la Villa Pernis Vacca, c&#039;est se laisser guider dans un voyage \u00e0 travers la nature et la m\u00e9moire.  L&#039;itin\u00e9raire, adapt\u00e9 \u00e0 ceux qui visitent le complexe pour la premi\u00e8re fois, vous conduira entre les agrumes parfum\u00e9s, l&#039;architecture Art nouveau et les t\u00e9moignages d&#039;un pass\u00e9 noble et agricole . Accompagn\u00e9 par notre personnel, vous ressentirez l&#039;\u00e9motion d&#039;une histoire qui se d\u00e9voile pas \u00e0 pas, entre \u00e9l\u00e9gance, histoire et paysage.\" \/>\n<meta property=\"og:url\" content=\"https:\/\/villapernisvacca.it\/fr\/visiter\/\" \/>\n<meta property=\"og:site_name\" content=\"Villa Pernis Vacca\" \/>\n<meta property=\"article:modified_time\" content=\"2025-05-23T12:36:07+00:00\" \/>\n<meta property=\"og:image\" content=\"https:\/\/villapernisvacca.it\/wp-content\/uploads\/2025\/05\/DSC2650-scaled.jpg\" \/>\n\t<meta property=\"og:image:width\" content=\"2560\" \/>\n\t<meta property=\"og:image:height\" content=\"1707\" \/>\n\t<meta property=\"og:image:type\" content=\"image\/jpeg\" \/>\n<meta name=\"twitter:card\" content=\"summary_large_image\" \/>\n<script type=\"application\/ld+json\" class=\"yoast-schema-graph\">{\"@context\":\"https:\/\/schema.org\",\"@graph\":[{\"@type\":\"WebPage\",\"@id\":\"https:\/\/villapernisvacca.it\/fr\/visiter\/\",\"url\":\"https:\/\/villapernisvacca.it\/fr\/visiter\/\",\"name\":\"Visiter - Villa Pernis Vacca\",\"isPartOf\":{\"@id\":\"https:\/\/villapernisvacca.it\/fr\/#website\"},\"primaryImageOfPage\":{\"@id\":\"https:\/\/villapernisvacca.it\/fr\/visiter\/#primaryimage\"},\"image\":{\"@id\":\"https:\/\/villapernisvacca.it\/fr\/visiter\/#primaryimage\"},\"thumbnailUrl\":\"https:\/\/villapernisvacca.it\/wp-content\/uploads\/2025\/05\/DSC2650-scaled.jpg\",\"datePublished\":\"2025-05-22T10:13:22+00:00\",\"dateModified\":\"2025-05-23T12:36:07+00:00\",\"breadcrumb\":{\"@id\":\"https:\/\/villapernisvacca.it\/fr\/visiter\/#breadcrumb\"},\"inLanguage\":\"fr-FR\",\"potentialAction\":[{\"@type\":\"ReadAction\",\"target\":[\"https:\/\/villapernisvacca.it\/fr\/visiter\/\"]}]},{\"@type\":\"ImageObject\",\"inLanguage\":\"fr-FR\",\"@id\":\"https:\/\/villapernisvacca.it\/fr\/visiter\/#primaryimage\",\"url\":\"https:\/\/villapernisvacca.it\/wp-content\/uploads\/2025\/05\/DSC2650-scaled.jpg\",\"contentUrl\":\"https:\/\/villapernisvacca.it\/wp-content\/uploads\/2025\/05\/DSC2650-scaled.jpg\",\"width\":2560,\"height\":1707},{\"@type\":\"BreadcrumbList\",\"@id\":\"https:\/\/villapernisvacca.it\/fr\/visiter\/#breadcrumb\",\"itemListElement\":[{\"@type\":\"ListItem\",\"position\":1,\"name\":\"Home\",\"item\":\"https:\/\/villapernisvacca.it\/fr\/accueil\/\"},{\"@type\":\"ListItem\",\"position\":2,\"name\":\"Visiter\"}]},{\"@type\":\"WebSite\",\"@id\":\"https:\/\/villapernisvacca.it\/fr\/#website\",\"url\":\"https:\/\/villapernisvacca.it\/fr\/\",\"name\":\"Villa Pernis Vacca\",\"description\":\"\",\"publisher\":{\"@id\":\"https:\/\/villapernisvacca.it\/fr\/#organization\"},\"potentialAction\":[{\"@type\":\"SearchAction\",\"target\":{\"@type\":\"EntryPoint\",\"urlTemplate\":\"https:\/\/villapernisvacca.it\/fr\/?s={search_term_string}\"},\"query-input\":{\"@type\":\"PropertyValueSpecification\",\"valueRequired\":true,\"valueName\":\"search_term_string\"}}],\"inLanguage\":\"fr-FR\"},{\"@type\":\"Organization\",\"@id\":\"https:\/\/villapernisvacca.it\/fr\/#organization\",\"name\":\"Villa Pernis Vacca\",\"url\":\"https:\/\/villapernisvacca.it\/fr\/\",\"logo\":{\"@type\":\"ImageObject\",\"inLanguage\":\"fr-FR\",\"@id\":\"https:\/\/villapernisvacca.it\/fr\/#\/schema\/logo\/image\/\",\"url\":\"https:\/\/villapernisvacca.it\/wp-content\/uploads\/2025\/04\/logo.png\",\"contentUrl\":\"https:\/\/villapernisvacca.it\/wp-content\/uploads\/2025\/04\/logo.png\",\"width\":670,\"height\":240,\"caption\":\"Villa Pernis Vacca\"},\"image\":{\"@id\":\"https:\/\/villapernisvacca.it\/fr\/#\/schema\/logo\/image\/\"}}]}<\/script>\n<!-- \/ Yoast SEO plugin. -->","yoast_head_json":{"title":"Visiter - Villa Pernis Vacca","robots":{"index":"noindex","follow":"follow","max-snippet":"max-snippet:-1","max-image-preview":"max-image-preview:large","max-video-preview":"max-video-preview:-1"},"og_locale":"fr_FR","og_type":"article","og_title":"Visiter - Villa Pernis Vacca","og_description":"Entrer dans la Villa Pernis Vacca, c'est se laisser guider dans un voyage \u00e0 travers la nature et la m\u00e9moire.  L'itin\u00e9raire, adapt\u00e9 \u00e0 ceux qui visitent le complexe pour la premi\u00e8re fois, vous conduira entre les agrumes parfum\u00e9s, l'architecture Art nouveau et les t\u00e9moignages d'un pass\u00e9 noble et agricole . Accompagn\u00e9 par notre personnel, vous ressentirez l'\u00e9motion d'une histoire qui se d\u00e9voile pas \u00e0 pas, entre \u00e9l\u00e9gance, histoire et paysage.","og_url":"https:\/\/villapernisvacca.it\/fr\/visiter\/","og_site_name":"Villa Pernis Vacca","article_modified_time":"2025-05-23T12:36:07+00:00","og_image":[{"width":2560,"height":1707,"url":"https:\/\/villapernisvacca.it\/wp-content\/uploads\/2025\/05\/DSC2650-scaled.jpg","type":"image\/jpeg"}],"twitter_card":"summary_large_image","schema":{"@context":"https:\/\/schema.org","@graph":[{"@type":"WebPage","@id":"https:\/\/villapernisvacca.it\/fr\/visiter\/","url":"https:\/\/villapernisvacca.it\/fr\/visiter\/","name":"Visiter - Villa Pernis Vacca","isPartOf":{"@id":"https:\/\/villapernisvacca.it\/fr\/#website"},"primaryImageOfPage":{"@id":"https:\/\/villapernisvacca.it\/fr\/visiter\/#primaryimage"},"image":{"@id":"https:\/\/villapernisvacca.it\/fr\/visiter\/#primaryimage"},"thumbnailUrl":"https:\/\/villapernisvacca.it\/wp-content\/uploads\/2025\/05\/DSC2650-scaled.jpg","datePublished":"2025-05-22T10:13:22+00:00","dateModified":"2025-05-23T12:36:07+00:00","breadcrumb":{"@id":"https:\/\/villapernisvacca.it\/fr\/visiter\/#breadcrumb"},"inLanguage":"fr-FR","potentialAction":[{"@type":"ReadAction","target":["https:\/\/villapernisvacca.it\/fr\/visiter\/"]}]},{"@type":"ImageObject","inLanguage":"fr-FR","@id":"https:\/\/villapernisvacca.it\/fr\/visiter\/#primaryimage","url":"https:\/\/villapernisvacca.it\/wp-content\/uploads\/2025\/05\/DSC2650-scaled.jpg","contentUrl":"https:\/\/villapernisvacca.it\/wp-content\/uploads\/2025\/05\/DSC2650-scaled.jpg","width":2560,"height":1707},{"@type":"BreadcrumbList","@id":"https:\/\/villapernisvacca.it\/fr\/visiter\/#breadcrumb","itemListElement":[{"@type":"ListItem","position":1,"name":"Home","item":"https:\/\/villapernisvacca.it\/fr\/accueil\/"},{"@type":"ListItem","position":2,"name":"Visiter"}]},{"@type":"WebSite","@id":"https:\/\/villapernisvacca.it\/fr\/#website","url":"https:\/\/villapernisvacca.it\/fr\/","name":"Villa Pernis Vacca","description":"","publisher":{"@id":"https:\/\/villapernisvacca.it\/fr\/#organization"},"potentialAction":[{"@type":"SearchAction","target":{"@type":"EntryPoint","urlTemplate":"https:\/\/villapernisvacca.it\/fr\/?s={search_term_string}"},"query-input":{"@type":"PropertyValueSpecification","valueRequired":true,"valueName":"search_term_string"}}],"inLanguage":"fr-FR"},{"@type":"Organization","@id":"https:\/\/villapernisvacca.it\/fr\/#organization","name":"Villa Pernis Vacca","url":"https:\/\/villapernisvacca.it\/fr\/","logo":{"@type":"ImageObject","inLanguage":"fr-FR","@id":"https:\/\/villapernisvacca.it\/fr\/#\/schema\/logo\/image\/","url":"https:\/\/villapernisvacca.it\/wp-content\/uploads\/2025\/04\/logo.png","contentUrl":"https:\/\/villapernisvacca.it\/wp-content\/uploads\/2025\/04\/logo.png","width":670,"height":240,"caption":"Villa Pernis Vacca"},"image":{"@id":"https:\/\/villapernisvacca.it\/fr\/#\/schema\/logo\/image\/"}}]}},"_links":{"self":[{"href":"https:\/\/villapernisvacca.it\/fr\/wp-json\/wp\/v2\/pages\/664","targetHints":{"allow":["GET"]}}],"collection":[{"href":"https:\/\/villapernisvacca.it\/fr\/wp-json\/wp\/v2\/pages"}],"about":[{"href":"https:\/\/villapernisvacca.it\/fr\/wp-json\/wp\/v2\/types\/page"}],"author":[{"embeddable":true,"href":"https:\/\/villapernisvacca.it\/fr\/wp-json\/wp\/v2\/users\/1"}],"replies":[{"embeddable":true,"href":"https:\/\/villapernisvacca.it\/fr\/wp-json\/wp\/v2\/comments?post=664"}],"version-history":[{"count":1,"href":"https:\/\/villapernisvacca.it\/fr\/wp-json\/wp\/v2\/pages\/664\/revisions"}],"predecessor-version":[{"id":667,"href":"https:\/\/villapernisvacca.it\/fr\/wp-json\/wp\/v2\/pages\/664\/revisions\/667"}],"wp:featuredmedia":[{"embeddable":true,"href":"https:\/\/villapernisvacca.it\/fr\/wp-json\/wp\/v2\/media\/643"}],"wp:attachment":[{"href":"https:\/\/villapernisvacca.it\/fr\/wp-json\/wp\/v2\/media?parent=664"}],"curies":[{"name":"wp","href":"https:\/\/api.w.org\/{rel}","templated":true}]}}