{"id":663,"date":"2025-05-23T10:37:22","date_gmt":"2025-05-23T10:37:22","guid":{"rendered":"https:\/\/villapernisvacca.it\/contact\/"},"modified":"2025-05-23T12:36:06","modified_gmt":"2025-05-23T12:36:06","slug":"contact","status":"publish","type":"page","link":"https:\/\/villapernisvacca.it\/fr\/contact\/","title":{"rendered":"Contact"},"content":{"rendered":"\t\t<div data-elementor-type=\"wp-page\" data-elementor-id=\"663\" class=\"elementor elementor-663 elementor-490\" data-elementor-post-type=\"page\">\n\t\t\t\t<div class=\"elementor-element elementor-element-bc74aa1 e-flex e-con-boxed e-con e-parent\" data-id=\"bc74aa1\" data-element_type=\"container\" data-settings=\"{&quot;background_background&quot;:&quot;classic&quot;}\">\n\t\t\t\t\t<div class=\"e-con-inner\">\n\t\t\t\t<div class=\"elementor-element elementor-element-818771a elementor-invisible elementor-widget elementor-widget-heading\" data-id=\"818771a\" data-element_type=\"widget\" data-settings=\"{&quot;_animation&quot;:&quot;fadeInDown&quot;}\" data-widget_type=\"heading.default\">\n\t\t\t\t<div class=\"elementor-widget-container\">\n\t\t\t\t\t<h2 class=\"elementor-heading-title elementor-size-default\">Contact<\/h2>\t\t\t\t<\/div>\n\t\t\t\t<\/div>\n\t\t\t\t<div class=\"elementor-element elementor-element-2a2c101 elementor-align-center elementor-invisible elementor-widget elementor-widget-button\" data-id=\"2a2c101\" data-element_type=\"widget\" data-settings=\"{&quot;_animation&quot;:&quot;fadeInUp&quot;,&quot;_animation_delay&quot;:1000}\" data-widget_type=\"button.default\">\n\t\t\t\t<div class=\"elementor-widget-container\">\n\t\t\t\t\t\t\t\t\t<div class=\"elementor-button-wrapper\">\n\t\t\t\t\t<a class=\"elementor-button elementor-button-link elementor-size-sm\" href=\"#visita\">\n\t\t\t\t\t\t<span class=\"elementor-button-content-wrapper\">\n\t\t\t\t\t\t\t\t\t<span class=\"elementor-button-text\">d\u00e9couvrir<\/span>\n\t\t\t\t\t<\/span>\n\t\t\t\t\t<\/a>\n\t\t\t\t<\/div>\n\t\t\t\t\t\t\t\t<\/div>\n\t\t\t\t<\/div>\n\t\t\t\t<div class=\"elementor-element elementor-element-8cd78d9 elementor-widget elementor-widget-menu-anchor\" data-id=\"8cd78d9\" data-element_type=\"widget\" data-widget_type=\"menu-anchor.default\">\n\t\t\t\t<div class=\"elementor-widget-container\">\n\t\t\t\t\t\t\t<div class=\"elementor-menu-anchor\" id=\"contacts\"><\/div>\n\t\t\t\t\t\t<\/div>\n\t\t\t\t<\/div>\n\t\t\t\t\t<\/div>\n\t\t\t\t<\/div>\n\t\t<div class=\"elementor-element elementor-element-425f817 e-con-full e-flex e-con e-parent\" data-id=\"425f817\" data-element_type=\"container\">\n\t\t<div class=\"elementor-element elementor-element-330c7b1 e-con-full e-flex e-con e-child\" data-id=\"330c7b1\" data-element_type=\"container\">\n\t\t<div class=\"elementor-element elementor-element-5ca1124 e-con-full link-interni elementor-hidden-desktop elementor-hidden-tablet elementor-hidden-mobile e-flex e-con e-child\" data-id=\"5ca1124\" data-element_type=\"container\" data-settings=\"{&quot;background_background&quot;:&quot;classic&quot;}\">\n\t\t<div class=\"elementor-element elementor-element-26d1b01 e-grid e-con-full e-con e-child\" data-id=\"26d1b01\" data-element_type=\"container\">\n\t\t\t\t<div class=\"elementor-element elementor-element-0b56cd1 elementor-widget elementor-widget-text-editor\" data-id=\"0b56cd1\" data-element_type=\"widget\" data-widget_type=\"text-editor.default\">\n\t\t\t\t<div class=\"elementor-widget-container\">\n\t\t\t\t\t\t\t\t\t<p>dans cette section<\/p>\t\t\t\t\t\t\t\t<\/div>\n\t\t\t\t<\/div>\n\t\t\t\t<div class=\"elementor-element elementor-element-00e6fcb elementor-widget__width-inherit elementor-widget elementor-widget-text-editor\" data-id=\"00e6fcb\" data-element_type=\"widget\" data-widget_type=\"text-editor.default\">\n\t\t\t\t<div class=\"elementor-widget-container\">\n\t\t\t\t\t\t\t\t\t<p><a href=\"#agrumeto\">Agrumeraie<\/a><\/p>\t\t\t\t\t\t\t\t<\/div>\n\t\t\t\t<\/div>\n\t\t\t\t<div class=\"elementor-element elementor-element-b8eda55 elementor-widget__width-inherit elementor-widget elementor-widget-text-editor\" data-id=\"b8eda55\" data-element_type=\"widget\" data-widget_type=\"text-editor.default\">\n\t\t\t\t<div class=\"elementor-widget-container\">\n\t\t\t\t\t\t\t\t\t<p><a href=\"#agrumi\">Les agrumes de Milis<\/a><\/p>\t\t\t\t\t\t\t\t<\/div>\n\t\t\t\t<\/div>\n\t\t\t\t<div class=\"elementor-element elementor-element-becbc72 elementor-widget__width-inherit elementor-widget elementor-widget-text-editor\" data-id=\"becbc72\" data-element_type=\"widget\" data-widget_type=\"text-editor.default\">\n\t\t\t\t<div class=\"elementor-widget-container\">\n\t\t\t\t\t\t\t\t\t<p><a href=\"#angloarabo\">Anglo-arabe<\/a><\/p>\t\t\t\t\t\t\t\t<\/div>\n\t\t\t\t<\/div>\n\t\t\t\t<\/div>\n\t\t\t\t<\/div>\n\t\t\t\t<div class=\"elementor-element elementor-element-6faa993 elementor-widget elementor-widget-heading\" data-id=\"6faa993\" data-element_type=\"widget\" data-widget_type=\"heading.default\">\n\t\t\t\t<div class=\"elementor-widget-container\">\n\t\t\t\t\t<h2 class=\"elementor-heading-title elementor-size-default\">Contact<\/h2>\t\t\t\t<\/div>\n\t\t\t\t<\/div>\n\t\t\t\t<div class=\"elementor-element elementor-element-24dd7ec elementor-widget elementor-widget-text-editor\" data-id=\"24dd7ec\" data-element_type=\"widget\" data-widget_type=\"text-editor.default\">\n\t\t\t\t<div class=\"elementor-widget-container\">\n\t\t\t\t\t\t\t\t\t<p>Un jardin<span class=\"gmail_default\">romantique<\/span>, une <span class=\"il\">villa<\/span> au c\u0153ur ancien, une porte ouverte sur le territoire.  <\/p><p>Pour visiter la <span class=\"il\">Villa<\/span> <span class=\"il\">Pernis<\/span> Vacca, participer aux <span class=\"il\">\u00e9v\u00e9nements<\/span> ou en savoir plus sur le projet de valorisation, vous pouvez nous \u00e9crire ou nous rendre visite.  <\/p><p>Nous serons heureux de vous accueillir et de partager avec vous ce lieu privil\u00e9gi\u00e9, o\u00f9 l&rsquo;histoire continue de s&rsquo;\u00e9panouir.<\/p>\t\t\t\t\t\t\t\t<\/div>\n\t\t\t\t<\/div>\n\t\t\t\t<\/div>\n\t\t<div class=\"elementor-element elementor-element-fd0441b e-con-full e-flex e-con e-child\" data-id=\"fd0441b\" data-element_type=\"container\" data-settings=\"{&quot;background_background&quot;:&quot;classic&quot;}\">\n\t\t\t\t<div class=\"elementor-element elementor-element-8b7fa83 elementor-widget elementor-widget-image\" data-id=\"8b7fa83\" data-element_type=\"widget\" data-widget_type=\"image.default\">\n\t\t\t\t<div class=\"elementor-widget-container\">\n\t\t\t\t\t\t\t\t\t\t\t\t\t\t\t<img fetchpriority=\"high\" decoding=\"async\" width=\"832\" height=\"836\" src=\"https:\/\/villapernisvacca.it\/wp-content\/uploads\/2025\/05\/sucorrale-2-e1747997341627.jpg\" class=\"attachment-full size-full wp-image-653\" alt=\"\" srcset=\"https:\/\/villapernisvacca.it\/wp-content\/uploads\/2025\/05\/sucorrale-2-e1747997341627.jpg 832w, https:\/\/villapernisvacca.it\/wp-content\/uploads\/2025\/05\/sucorrale-2-e1747997341627-300x300.jpg 300w, https:\/\/villapernisvacca.it\/wp-content\/uploads\/2025\/05\/sucorrale-2-e1747997341627-150x150.jpg 150w, https:\/\/villapernisvacca.it\/wp-content\/uploads\/2025\/05\/sucorrale-2-e1747997341627-768x772.jpg 768w\" sizes=\"(max-width: 832px) 100vw, 832px\" \/>\t\t\t\t\t\t\t\t\t\t\t\t\t\t\t<\/div>\n\t\t\t\t<\/div>\n\t\t\t\t<\/div>\n\t\t\t\t<\/div>\n\t\t\t\t<\/div>\n\t\t","protected":false},"excerpt":{"rendered":"<p>Un jardin romantique, une villa au c\u0153ur ancien, une porte ouverte sur le territoire. Pour visiter la Villa Pernis Vacca, participer aux \u00e9v\u00e9nements ou en savoir plus sur le projet de valorisation, vous pouvez nous \u00e9crire ou nous rendre visite. Nous serons heureux de vous accueillir et de partager avec vous ce lieu privil\u00e9gi\u00e9, o\u00f9 l&rsquo;histoire continue de s&rsquo;\u00e9panouir.<\/p>\n","protected":false},"author":1,"featured_media":651,"parent":0,"menu_order":0,"comment_status":"closed","ping_status":"closed","template":"","meta":{"footnotes":""},"class_list":["post-663","page","type-page","status-publish","has-post-thumbnail","hentry"],"yoast_head":"<!-- This site is optimized with the Yoast SEO plugin v25.2 - https:\/\/yoast.com\/wordpress\/plugins\/seo\/ -->\n<title>Contact - Villa Pernis Vacca<\/title>\n<meta name=\"robots\" content=\"noindex, follow, max-snippet:-1, max-image-preview:large, max-video-preview:-1\" \/>\n<meta property=\"og:locale\" content=\"fr_FR\" \/>\n<meta property=\"og:type\" content=\"article\" \/>\n<meta property=\"og:title\" content=\"Contact - Villa Pernis Vacca\" \/>\n<meta property=\"og:description\" content=\"Un jardin romantique, une villa au c\u0153ur ancien, une porte ouverte sur le territoire. Pour visiter la Villa Pernis Vacca, participer aux \u00e9v\u00e9nements ou en savoir plus sur le projet de valorisation, vous pouvez nous \u00e9crire ou nous rendre visite. Nous serons heureux de vous accueillir et de partager avec vous ce lieu privil\u00e9gi\u00e9, o\u00f9 l&#039;histoire continue de s&#039;\u00e9panouir.\" \/>\n<meta property=\"og:url\" content=\"https:\/\/villapernisvacca.it\/fr\/contact\/\" \/>\n<meta property=\"og:site_name\" content=\"Villa Pernis Vacca\" \/>\n<meta property=\"article:modified_time\" content=\"2025-05-23T12:36:06+00:00\" \/>\n<meta property=\"og:image\" content=\"https:\/\/villapernisvacca.it\/wp-content\/uploads\/2025\/05\/DSC2557-scaled.jpg\" \/>\n\t<meta property=\"og:image:width\" content=\"2560\" \/>\n\t<meta property=\"og:image:height\" content=\"1707\" \/>\n\t<meta property=\"og:image:type\" content=\"image\/jpeg\" \/>\n<meta name=\"twitter:card\" content=\"summary_large_image\" \/>\n<script type=\"application\/ld+json\" class=\"yoast-schema-graph\">{\"@context\":\"https:\/\/schema.org\",\"@graph\":[{\"@type\":\"WebPage\",\"@id\":\"https:\/\/villapernisvacca.it\/fr\/contact\/\",\"url\":\"https:\/\/villapernisvacca.it\/fr\/contact\/\",\"name\":\"Contact - Villa Pernis Vacca\",\"isPartOf\":{\"@id\":\"https:\/\/villapernisvacca.it\/fr\/#website\"},\"primaryImageOfPage\":{\"@id\":\"https:\/\/villapernisvacca.it\/fr\/contact\/#primaryimage\"},\"image\":{\"@id\":\"https:\/\/villapernisvacca.it\/fr\/contact\/#primaryimage\"},\"thumbnailUrl\":\"https:\/\/villapernisvacca.it\/wp-content\/uploads\/2025\/05\/DSC2557-scaled.jpg\",\"datePublished\":\"2025-05-23T10:37:22+00:00\",\"dateModified\":\"2025-05-23T12:36:06+00:00\",\"breadcrumb\":{\"@id\":\"https:\/\/villapernisvacca.it\/fr\/contact\/#breadcrumb\"},\"inLanguage\":\"fr-FR\",\"potentialAction\":[{\"@type\":\"ReadAction\",\"target\":[\"https:\/\/villapernisvacca.it\/fr\/contact\/\"]}]},{\"@type\":\"ImageObject\",\"inLanguage\":\"fr-FR\",\"@id\":\"https:\/\/villapernisvacca.it\/fr\/contact\/#primaryimage\",\"url\":\"https:\/\/villapernisvacca.it\/wp-content\/uploads\/2025\/05\/DSC2557-scaled.jpg\",\"contentUrl\":\"https:\/\/villapernisvacca.it\/wp-content\/uploads\/2025\/05\/DSC2557-scaled.jpg\",\"width\":2560,\"height\":1707},{\"@type\":\"BreadcrumbList\",\"@id\":\"https:\/\/villapernisvacca.it\/fr\/contact\/#breadcrumb\",\"itemListElement\":[{\"@type\":\"ListItem\",\"position\":1,\"name\":\"Home\",\"item\":\"https:\/\/villapernisvacca.it\/fr\/accueil\/\"},{\"@type\":\"ListItem\",\"position\":2,\"name\":\"Contact\"}]},{\"@type\":\"WebSite\",\"@id\":\"https:\/\/villapernisvacca.it\/fr\/#website\",\"url\":\"https:\/\/villapernisvacca.it\/fr\/\",\"name\":\"Villa Pernis Vacca\",\"description\":\"\",\"publisher\":{\"@id\":\"https:\/\/villapernisvacca.it\/fr\/#organization\"},\"potentialAction\":[{\"@type\":\"SearchAction\",\"target\":{\"@type\":\"EntryPoint\",\"urlTemplate\":\"https:\/\/villapernisvacca.it\/fr\/?s={search_term_string}\"},\"query-input\":{\"@type\":\"PropertyValueSpecification\",\"valueRequired\":true,\"valueName\":\"search_term_string\"}}],\"inLanguage\":\"fr-FR\"},{\"@type\":\"Organization\",\"@id\":\"https:\/\/villapernisvacca.it\/fr\/#organization\",\"name\":\"Villa Pernis Vacca\",\"url\":\"https:\/\/villapernisvacca.it\/fr\/\",\"logo\":{\"@type\":\"ImageObject\",\"inLanguage\":\"fr-FR\",\"@id\":\"https:\/\/villapernisvacca.it\/fr\/#\/schema\/logo\/image\/\",\"url\":\"https:\/\/villapernisvacca.it\/wp-content\/uploads\/2025\/04\/logo.png\",\"contentUrl\":\"https:\/\/villapernisvacca.it\/wp-content\/uploads\/2025\/04\/logo.png\",\"width\":670,\"height\":240,\"caption\":\"Villa Pernis Vacca\"},\"image\":{\"@id\":\"https:\/\/villapernisvacca.it\/fr\/#\/schema\/logo\/image\/\"}}]}<\/script>\n<!-- \/ Yoast SEO plugin. -->","yoast_head_json":{"title":"Contact - Villa Pernis Vacca","robots":{"index":"noindex","follow":"follow","max-snippet":"max-snippet:-1","max-image-preview":"max-image-preview:large","max-video-preview":"max-video-preview:-1"},"og_locale":"fr_FR","og_type":"article","og_title":"Contact - Villa Pernis Vacca","og_description":"Un jardin romantique, une villa au c\u0153ur ancien, une porte ouverte sur le territoire. Pour visiter la Villa Pernis Vacca, participer aux \u00e9v\u00e9nements ou en savoir plus sur le projet de valorisation, vous pouvez nous \u00e9crire ou nous rendre visite. Nous serons heureux de vous accueillir et de partager avec vous ce lieu privil\u00e9gi\u00e9, o\u00f9 l'histoire continue de s'\u00e9panouir.","og_url":"https:\/\/villapernisvacca.it\/fr\/contact\/","og_site_name":"Villa Pernis Vacca","article_modified_time":"2025-05-23T12:36:06+00:00","og_image":[{"width":2560,"height":1707,"url":"https:\/\/villapernisvacca.it\/wp-content\/uploads\/2025\/05\/DSC2557-scaled.jpg","type":"image\/jpeg"}],"twitter_card":"summary_large_image","schema":{"@context":"https:\/\/schema.org","@graph":[{"@type":"WebPage","@id":"https:\/\/villapernisvacca.it\/fr\/contact\/","url":"https:\/\/villapernisvacca.it\/fr\/contact\/","name":"Contact - Villa Pernis Vacca","isPartOf":{"@id":"https:\/\/villapernisvacca.it\/fr\/#website"},"primaryImageOfPage":{"@id":"https:\/\/villapernisvacca.it\/fr\/contact\/#primaryimage"},"image":{"@id":"https:\/\/villapernisvacca.it\/fr\/contact\/#primaryimage"},"thumbnailUrl":"https:\/\/villapernisvacca.it\/wp-content\/uploads\/2025\/05\/DSC2557-scaled.jpg","datePublished":"2025-05-23T10:37:22+00:00","dateModified":"2025-05-23T12:36:06+00:00","breadcrumb":{"@id":"https:\/\/villapernisvacca.it\/fr\/contact\/#breadcrumb"},"inLanguage":"fr-FR","potentialAction":[{"@type":"ReadAction","target":["https:\/\/villapernisvacca.it\/fr\/contact\/"]}]},{"@type":"ImageObject","inLanguage":"fr-FR","@id":"https:\/\/villapernisvacca.it\/fr\/contact\/#primaryimage","url":"https:\/\/villapernisvacca.it\/wp-content\/uploads\/2025\/05\/DSC2557-scaled.jpg","contentUrl":"https:\/\/villapernisvacca.it\/wp-content\/uploads\/2025\/05\/DSC2557-scaled.jpg","width":2560,"height":1707},{"@type":"BreadcrumbList","@id":"https:\/\/villapernisvacca.it\/fr\/contact\/#breadcrumb","itemListElement":[{"@type":"ListItem","position":1,"name":"Home","item":"https:\/\/villapernisvacca.it\/fr\/accueil\/"},{"@type":"ListItem","position":2,"name":"Contact"}]},{"@type":"WebSite","@id":"https:\/\/villapernisvacca.it\/fr\/#website","url":"https:\/\/villapernisvacca.it\/fr\/","name":"Villa Pernis Vacca","description":"","publisher":{"@id":"https:\/\/villapernisvacca.it\/fr\/#organization"},"potentialAction":[{"@type":"SearchAction","target":{"@type":"EntryPoint","urlTemplate":"https:\/\/villapernisvacca.it\/fr\/?s={search_term_string}"},"query-input":{"@type":"PropertyValueSpecification","valueRequired":true,"valueName":"search_term_string"}}],"inLanguage":"fr-FR"},{"@type":"Organization","@id":"https:\/\/villapernisvacca.it\/fr\/#organization","name":"Villa Pernis Vacca","url":"https:\/\/villapernisvacca.it\/fr\/","logo":{"@type":"ImageObject","inLanguage":"fr-FR","@id":"https:\/\/villapernisvacca.it\/fr\/#\/schema\/logo\/image\/","url":"https:\/\/villapernisvacca.it\/wp-content\/uploads\/2025\/04\/logo.png","contentUrl":"https:\/\/villapernisvacca.it\/wp-content\/uploads\/2025\/04\/logo.png","width":670,"height":240,"caption":"Villa Pernis Vacca"},"image":{"@id":"https:\/\/villapernisvacca.it\/fr\/#\/schema\/logo\/image\/"}}]}},"_links":{"self":[{"href":"https:\/\/villapernisvacca.it\/fr\/wp-json\/wp\/v2\/pages\/663","targetHints":{"allow":["GET"]}}],"collection":[{"href":"https:\/\/villapernisvacca.it\/fr\/wp-json\/wp\/v2\/pages"}],"about":[{"href":"https:\/\/villapernisvacca.it\/fr\/wp-json\/wp\/v2\/types\/page"}],"author":[{"embeddable":true,"href":"https:\/\/villapernisvacca.it\/fr\/wp-json\/wp\/v2\/users\/1"}],"replies":[{"embeddable":true,"href":"https:\/\/villapernisvacca.it\/fr\/wp-json\/wp\/v2\/comments?post=663"}],"version-history":[{"count":1,"href":"https:\/\/villapernisvacca.it\/fr\/wp-json\/wp\/v2\/pages\/663\/revisions"}],"predecessor-version":[{"id":666,"href":"https:\/\/villapernisvacca.it\/fr\/wp-json\/wp\/v2\/pages\/663\/revisions\/666"}],"wp:featuredmedia":[{"embeddable":true,"href":"https:\/\/villapernisvacca.it\/fr\/wp-json\/wp\/v2\/media\/651"}],"wp:attachment":[{"href":"https:\/\/villapernisvacca.it\/fr\/wp-json\/wp\/v2\/media?parent=663"}],"curies":[{"name":"wp","href":"https:\/\/api.w.org\/{rel}","templated":true}]}}